{"id":11,"date":"2023-11-01T21:46:49","date_gmt":"2023-11-01T21:46:49","guid":{"rendered":"https:\/\/altohligs.de\/?page_id=11"},"modified":"2025-10-13T13:40:03","modified_gmt":"2025-10-13T13:40:03","slug":"wartung","status":"publish","type":"page","link":"https:\/\/altohligs.de\/","title":{"rendered":"Wartung"},"content":{"rendered":"<p>[et_pb_section fb_built=&#8220;1&#8243; custom_padding_last_edited=&#8220;on|phone&#8220; _builder_version=&#8220;4.27.4&#8243; _module_preset=&#8220;default&#8220; background_enable_color=&#8220;off&#8220; background_image=&#8220;https:\/\/altohligs.de\/wp-content\/uploads\/2023\/12\/Hintergrundbild.jpg&#8220; parallax=&#8220;on&#8220; background_enable_video_mp4=&#8220;off&#8220; module_alignment=&#8220;center&#8220; min_height=&#8220;100vh&#8220; min_height_last_edited=&#8220;off|desktop&#8220; height_last_edited=&#8220;off|desktop&#8220; custom_margin=&#8220;0px||0px||true|false&#8220; custom_padding=&#8220;30px||30px||true|false&#8220; custom_padding_tablet=&#8220;||||false|false&#8220; custom_padding_phone=&#8220;30px||30px||true|false&#8220; custom_css_main_element=&#8220;align-items: center;||    display: flex;||justify-content:space-between;||||flex-direction:column;&#8220; locked=&#8220;off&#8220; global_colors_info=&#8220;{}&#8220; custom_css_main_element_last_edited=&#8220;off|desktop&#8220; custom_css_main_element__hover_enabled=&#8220;off|hover&#8220; custom_css_main_element_tablet=&#8220;display:block;||height:auto;||height:100vh!important;&#8220; custom_css_main_element_phone=&#8220;display:block;&#8220;][et_pb_row _builder_version=&#8220;4.16&#8243; _module_preset=&#8220;default&#8220; width=&#8220;82%&#8220; custom_margin=&#8220;|auto||auto|false|false&#8220; custom_padding=&#8220;||||false|false&#8220; global_colors_info=&#8220;{}&#8220;][et_pb_column type=&#8220;4_4&#8243; _builder_version=&#8220;4.16&#8243; _module_preset=&#8220;default&#8220; custom_css_main_element=&#8220;display:block;||text-align:center;&#8220; global_colors_info=&#8220;{}&#8220;][et_pb_image src=&#8220;https:\/\/altohligs.de\/wp-content\/uploads\/2023\/11\/AltOhligsGold.png&#8220; title_text=&#8220;AltOhligsGold&#8220; module_class=&#8220;header-logo&#8220; _builder_version=&#8220;4.23&#8243; _module_preset=&#8220;default&#8220; width=&#8220;40%&#8220; width_tablet=&#8220;&#8220; width_phone=&#8220;84%&#8220; width_last_edited=&#8220;on|phone&#8220; module_alignment=&#8220;center&#8220; custom_margin=&#8220;||40px||false|false&#8220; custom_css_main_element=&#8220;text-align: center!important;&#8220; global_colors_info=&#8220;{}&#8220; width__hover_enabled=&#8220;on|desktop&#8220; width__hover=&#8220;34%&#8220;][\/et_pb_image][et_pb_text disabled_on=&#8220;off|off|off&#8220; admin_label=&#8220;Paragraph&#8220; _builder_version=&#8220;4.23&#8243; _module_preset=&#8220;default&#8220; text_font=&#8220;Courier Prime||||||||&#8220; text_text_color=&#8220;#FFFFFF&#8220; text_font_size=&#8220;16px&#8220; text_line_height=&#8220;30.6px&#8220; text_orientation=&#8220;center&#8220; max_width=&#8220;80%&#8220; module_alignment=&#8220;center&#8220; custom_margin=&#8220;0px||0px||true|false&#8220; custom_padding=&#8220;0px||0px||false|false&#8220; custom_padding_tablet=&#8220;30px||0px||false|false&#8220; custom_padding_phone=&#8220;30px||0px||false|false&#8220; custom_padding_last_edited=&#8220;on|desktop&#8220; text_font_tablet=&#8220;Poppins|300|||||||&#8220; text_font_phone=&#8220;Poppins|300|||||||&#8220; text_font_last_edited=&#8220;on|phone&#8220; inline_fonts=&#8220;Montserrat&#8220; global_colors_info=&#8220;{}&#8220;]<\/p>\n<p><span style=\"font-family: Montserrat;\">Das Brauhaus von Ohligs er\u00f6ffnete im Dezember 2023 im neuen Glanz seine Pforten. Genie\u00dft klassisches Brauhaus-Essen und frisch gezapfte Biere vom Fass. Im dauerhaften Programm sind Schl\u00fcssel Alt, Schreckenskammer K\u00f6lsch, Stauder Pils und Tegernseer Helles. Zudem zeigen wir alle Fu\u00dfballspiele, egal ob Bundesliga oder Champions League. Reservierungen, auch f\u00fcr gr\u00f6\u00dfere Gruppen oder Feiern, nehmen wir gerne entgegen, per E-Mail unter <a href=\"mailto:info@altohligs.de\">info@altohligs.de<\/a> oder per Telefon unter 0212 38231486.<\/span><\/p>\n<p><span style=\"font-family: Montserrat;\">Ab sofort mit erweiterter Speisekarte!<\/span><\/p>\n<p>[\/et_pb_text][et_pb_text disabled_on=&#8220;off|off|off&#8220; admin_label=&#8220;Paragraph&#8220; _builder_version=&#8220;4.27.4&#8243; _module_preset=&#8220;default&#8220; text_font=&#8220;Courier Prime||||||||&#8220; text_text_color=&#8220;#FFFFFF&#8220; text_font_size=&#8220;18px&#8220; text_line_height=&#8220;30.6px&#8220; text_orientation=&#8220;center&#8220; max_width=&#8220;80%&#8220; module_alignment=&#8220;center&#8220; custom_margin=&#8220;30px|-19px|||false|false&#8220; custom_padding=&#8220;0px||0px||true|false&#8220; custom_padding_tablet=&#8220;30px||0px||false|false&#8220; custom_padding_phone=&#8220;30px|0px|0px||false|false&#8220; custom_padding_last_edited=&#8220;on|desktop&#8220; text_font_tablet=&#8220;Poppins|300|||||||&#8220; text_font_phone=&#8220;Poppins|300|||||||&#8220; text_font_last_edited=&#8220;on|phone&#8220; inline_fonts=&#8220;Montserrat&#8220; global_colors_info=&#8220;{}&#8220;]<\/p>\n<p><strong><span style=\"font-family: Montserrat;\">\u00d6ffnungszeiten:<\/span><\/strong><\/p>\n<div>Montag<span class=\"Apple-tab-span\"> 15:00-23:00<\/span><\/div>\n<div>Dienstag<span class=\"Apple-tab-span\"> <\/span>15:00\u201323:00<\/div>\n<div>Mittwoch<span class=\"Apple-tab-span\"> <\/span>15:00\u201323:00<\/div>\n<div>Donnerstag<span class=\"Apple-tab-span\"> <\/span>15:00\u201323:00<\/div>\n<div>Freitag<span class=\"Apple-tab-span\"> <\/span>15:00\u201300:00<\/div>\n<div>Samstag<span class=\"Apple-tab-span\"> <\/span>12:00\u201300:00<\/div>\n<div>Sonntag<span class=\"Apple-tab-span\"> <\/span>13:00\u201322:00<\/div>\n<p>[\/et_pb_text][et_pb_text _builder_version=&#8220;4.27.4&#8243; _module_preset=&#8220;default&#8220; hover_enabled=&#8220;0&#8243; sticky_enabled=&#8220;0&#8243;]<\/p>\n<p><span><div class=\"_df_book df-lite\" id=\"df_41\"  _slug=\"speisekarte\" data-title=\"speisekarte\" wpoptions=\"true\" thumbtype=\"\" ><\/div><script class=\"df-shortcode-script\" nowprocket type=\"application\/javascript\">window.option_df_41 = {\"outline\":[],\"backgroundColor\":\"#ffffff\",\"autoEnableOutline\":\"false\",\"autoEnableThumbnail\":\"false\",\"overwritePDFOutline\":\"false\",\"direction\":\"1\",\"pageSize\":\"0\",\"soundEnable\":\"false\",\"maxTextureSize\":\"1800\",\"source\":\"https:\\\/\\\/altohligs.de\\\/wp-content\\\/uploads\\\/2023\\\/12\\\/Alt_Ohligs_Speisekarten_03_26.pdf\",\"wpOptions\":\"true\"}; if(window.DFLIP && window.DFLIP.parseBooks){window.DFLIP.parseBooks();}<\/script><\/span><\/p>\n<p>[\/et_pb_text][et_pb_code admin_label=&#8220;CSS Code&#8220; _builder_version=&#8220;4.16&#8243; _module_preset=&#8220;default&#8220; global_colors_info=&#8220;{}&#8220;]<\/p>\n<style><!-- [et_pb_line_break_holder] --> .countdown-style-14 .section.values{<!-- [et_pb_line_break_holder] -->    width: unset;<!-- [et_pb_line_break_holder] -->    margin: 0 10px;<!-- [et_pb_line_break_holder] -->  }<!-- [et_pb_line_break_holder] -->.countdown-style-14 .section.values .value{<!-- [et_pb_line_break_holder] -->  border:1px solid #ffffff;<!-- [et_pb_line_break_holder] -->  border-radius:100px;<!-- [et_pb_line_break_holder] -->  padding:25px 1px;<!-- [et_pb_line_break_holder] -->  width:120px;<!-- [et_pb_line_break_holder] -->  height:120px;<!-- [et_pb_line_break_holder] -->}<!-- [et_pb_line_break_holder] -->.countdown-style-14 .sep{<!-- [et_pb_line_break_holder] -->    padding:0 15px;<!-- [et_pb_line_break_holder] -->  }<!-- [et_pb_line_break_holder] -->  @media only screen and (max-width:840px){<!-- [et_pb_line_break_holder] -->  .countdown-style-14 .sep{<!-- [et_pb_line_break_holder] -->        display:none;<!-- [et_pb_line_break_holder] -->    }<!-- [et_pb_line_break_holder] -->  }<!-- [et_pb_line_break_holder] --> <!-- [et_pb_line_break_holder] -->}<!-- [et_pb_line_break_holder] --><\/style>\n<p>[\/et_pb_code][et_pb_social_media_follow disabled_on=&#8220;off|off|off&#8220; _builder_version=&#8220;4.23&#8243; _module_preset=&#8220;default&#8220; background_color=&#8220;RGBA(255,255,255,0)&#8220; text_orientation=&#8220;center&#8220; width=&#8220;100%&#8220; max_width=&#8220;100%&#8220; custom_margin=&#8220;||2px|||&#8220; locked=&#8220;off&#8220; global_colors_info=&#8220;{}&#8220;][et_pb_social_media_follow_network social_network=&#8220;facebook&#8220; url=&#8220;https:\/\/www.facebook.com\/altohligs&#8220; icon_color=&#8220;#0C71C3&#8243; _builder_version=&#8220;4.23&#8243; _module_preset=&#8220;default&#8220; background_color=&#8220;#FFFFFF&#8220; background_enable_color=&#8220;on&#8220; transform_scale_linked=&#8220;off&#8220; transform_translate_linked=&#8220;off&#8220; custom_padding=&#8220;5px|5px|5px|5px|false|false&#8220; hover_transition_duration=&#8220;900ms&#8220; hover_transition_delay=&#8220;200ms&#8220; border_radii=&#8220;on|50px|50px|50px|50px&#8220; border_width_all=&#8220;1px&#8220; border_color_all=&#8220;#FFFFFF&#8220; global_colors_info=&#8220;{}&#8220; border_color_all__hover_enabled=&#8220;on|hover&#8220; border_color_all__hover=&#8220;#dddddd&#8220; transform_styles__hover_enabled=&#8220;on|hover&#8220; transform_scale__hover_enabled=&#8220;on|desktop&#8220; transform_translate__hover=&#8220;0px|-10px&#8220; transform_translate__hover_enabled=&#8220;on|hover&#8220; transform_rotate__hover_enabled=&#8220;on|desktop&#8220; transform_skew__hover_enabled=&#8220;on|desktop&#8220; transform_origin__hover_enabled=&#8220;on|desktop&#8220; follow_button=&#8220;off&#8220; url_new_window=&#8220;on&#8220;]facebook[\/et_pb_social_media_follow_network][et_pb_social_media_follow_network social_network=&#8220;instagram&#8220; url=&#8220;https:\/\/www.instagram.com\/altohligs&#8220; icon_color=&#8220;#b2215a&#8220; _builder_version=&#8220;4.23&#8243; _module_preset=&#8220;default&#8220; background_color=&#8220;#FFFFFF&#8220; background_enable_color=&#8220;on&#8220; transform_scale_linked=&#8220;off&#8220; transform_translate_linked=&#8220;off&#8220; custom_padding=&#8220;5px|5px|5px|5px|false|false&#8220; hover_transition_duration=&#8220;900ms&#8220; hover_transition_delay=&#8220;200ms&#8220; border_radii=&#8220;on|50px|50px|50px|50px&#8220; border_width_all=&#8220;1px&#8220; border_color_all=&#8220;#FFFFFF&#8220; global_colors_info=&#8220;{}&#8220; border_color_all__hover_enabled=&#8220;on|hover&#8220; border_color_all__hover=&#8220;#dddddd&#8220; transform_styles__hover_enabled=&#8220;on|hover&#8220; transform_scale__hover_enabled=&#8220;on|desktop&#8220; transform_translate__hover=&#8220;0px|-10px&#8220; transform_translate__hover_enabled=&#8220;on|hover&#8220; transform_rotate__hover_enabled=&#8220;on|desktop&#8220; transform_skew__hover_enabled=&#8220;on|desktop&#8220; transform_origin__hover_enabled=&#8220;on|desktop&#8220; follow_button=&#8220;off&#8220; url_new_window=&#8220;on&#8220;]instagram[\/et_pb_social_media_follow_network][\/et_pb_social_media_follow][et_pb_text _builder_version=&#8220;4.27.4&#8243; _module_preset=&#8220;default&#8220; text_font=&#8220;Open Sans||||||||&#8220; text_text_color=&#8220;#FFFFFF&#8220; text_line_height=&#8220;100%&#8220; link_text_color=&#8220;#E09900&#8243; text_orientation=&#8220;center&#8220; custom_margin=&#8220;19px|||||&#8220; global_colors_info=&#8220;{}&#8220;]<\/p>\n<p><span>\u00a92025 \u2013 MAKU Concept GmbH. All Rights Reserved.<\/span><\/p>\n<p>[\/et_pb_text][et_pb_button button_url=&#8220;@ET-DC@eyJkeW5hbWljIjp0cnVlLCJjb250ZW50IjoicG9zdF9saW5rX3VybF9wYWdlIiwic2V0dGluZ3MiOnsicG9zdF9pZCI6IjY0In19@&#8220; button_text=&#8220;Impressum&#8220; button_alignment=&#8220;center&#8220; _builder_version=&#8220;4.27.4&#8243; _dynamic_attributes=&#8220;button_url&#8220; _module_preset=&#8220;default&#8220; custom_button=&#8220;on&#8220; button_text_size=&#8220;10px&#8220; button_text_color=&#8220;#FFFFFF&#8220; button_font=&#8220;Open Sans||||||||&#8220; global_colors_info=&#8220;{}&#8220;][\/et_pb_button][\/et_pb_column][\/et_pb_row][\/et_pb_section][et_pb_section fb_built=&#8220;1&#8243; fullwidth=&#8220;on&#8220; _builder_version=&#8220;4.23&#8243; _module_preset=&#8220;default&#8220; global_colors_info=&#8220;{}&#8220;][et_pb_fullwidth_code _builder_version=&#8220;4.23&#8243; _module_preset=&#8220;default&#8220; global_colors_info=&#8220;{}&#8220;]<iframe src=\"https:\/\/www.google.com\/maps\/embed?pb=!1m18!1m12!1m3!1d2502.1100788201634!2d6.996325076948605!3d51.16175997173689!2m3!1f0!2f0!3f0!3m2!1i1024!2i768!4f13.1!3m3!1m2!1s0x47b8d2e1cde137a7%3A0x2dc03b1c2138e209!2sAlt%20Ohligs!5e0!3m2!1sde!2sde!4v1701897259587!5m2!1sde!2sde\" width=\"2500\" height=\"450\" style=\"border:0;\" allowfullscreen=\"\" loading=\"lazy\" referrerpolicy=\"no-referrer-when-downgrade\"><\/iframe>[\/et_pb_fullwidth_code][\/et_pb_section]<\/p>\n","protected":false},"excerpt":{"rendered":"<p>Das Brauhaus von Ohligs er\u00f6ffnete im Dezember 2023 im neuen Glanz seine Pforten. Genie\u00dft klassisches Brauhaus-Essen und frisch gezapfte Biere vom Fass. Im dauerhaften Programm sind Schl\u00fcssel Alt, Schreckenskammer K\u00f6lsch, Stauder Pils und Tegernseer Helles. Zudem zeigen wir alle Fu\u00dfballspiele, egal ob Bundesliga oder Champions League. Reservierungen, auch f\u00fcr gr\u00f6\u00dfere Gruppen oder Feiern, nehmen wir [&hellip;]<\/p>\n","protected":false},"author":1,"featured_media":0,"parent":0,"menu_order":0,"comment_status":"closed","ping_status":"closed","template":"","meta":{"_et_pb_use_builder":"on","_et_pb_old_content":"","_et_gb_content_width":"","footnotes":""},"class_list":["post-11","page","type-page","status-publish","hentry"],"_links":{"self":[{"href":"https:\/\/altohligs.de\/index.php?rest_route=\/wp\/v2\/pages\/11","targetHints":{"allow":["GET"]}}],"collection":[{"href":"https:\/\/altohligs.de\/index.php?rest_route=\/wp\/v2\/pages"}],"about":[{"href":"https:\/\/altohligs.de\/index.php?rest_route=\/wp\/v2\/types\/page"}],"author":[{"embeddable":true,"href":"https:\/\/altohligs.de\/index.php?rest_route=\/wp\/v2\/users\/1"}],"replies":[{"embeddable":true,"href":"https:\/\/altohligs.de\/index.php?rest_route=%2Fwp%2Fv2%2Fcomments&post=11"}],"version-history":[{"count":27,"href":"https:\/\/altohligs.de\/index.php?rest_route=\/wp\/v2\/pages\/11\/revisions"}],"predecessor-version":[{"id":131,"href":"https:\/\/altohligs.de\/index.php?rest_route=\/wp\/v2\/pages\/11\/revisions\/131"}],"wp:attachment":[{"href":"https:\/\/altohligs.de\/index.php?rest_route=%2Fwp%2Fv2%2Fmedia&parent=11"}],"curies":[{"name":"wp","href":"https:\/\/api.w.org\/{rel}","templated":true}]}}